{"id":10,"date":"2024-09-28T10:21:20","date_gmt":"2024-09-28T10:21:20","guid":{"rendered":"https:\/\/www.aurinkomaailmasunworld.fi\/?page_id=10"},"modified":"2025-04-18T09:42:37","modified_gmt":"2025-04-18T09:42:37","slug":"aurinkomaailma","status":"publish","type":"page","link":"https:\/\/www.aurinkomaailmasunworld.fi\/","title":{"rendered":""},"content":{"rendered":"\n<figure class=\"wp-block-image size-large\"><img loading=\"lazy\" decoding=\"async\" width=\"1024\" height=\"768\" src=\"https:\/\/www.aurinkomaailmasunworld.fi\/wp-content\/uploads\/2025\/04\/DJI_0102-1024x768.jpg\" alt=\"\" class=\"wp-image-24\" srcset=\"https:\/\/www.aurinkomaailmasunworld.fi\/wp-content\/uploads\/2025\/04\/DJI_0102-1024x768.jpg 1024w, https:\/\/www.aurinkomaailmasunworld.fi\/wp-content\/uploads\/2025\/04\/DJI_0102-300x225.jpg 300w, https:\/\/www.aurinkomaailmasunworld.fi\/wp-content\/uploads\/2025\/04\/DJI_0102-768x576.jpg 768w, https:\/\/www.aurinkomaailmasunworld.fi\/wp-content\/uploads\/2025\/04\/DJI_0102-1536x1152.jpg 1536w, https:\/\/www.aurinkomaailmasunworld.fi\/wp-content\/uploads\/2025\/04\/DJI_0102-2048x1536.jpg 2048w\" sizes=\"auto, (max-width: 1024px) 100vw, 1024px\" \/><figcaption class=\"wp-element-caption\">\u00a0\u00a0\u00a0\u00a0\u00a0\u00a0\u00a0\u00a0\u00a0\u00a0\u00a0\u00a0\u00a0\u00a0\u00a0\u00a0\u00a0\u00a0\u00a0\u00a0\u00a0\u00a0\u00a0\u00a0\u00a0\u00a0\u00a0\u00a0\u00a0\u00a0\u00a0\u00a0\u00a0\u00a0\u00a0\u00a0\u00a0\u00a0\u00a0\u00a0\u00a0\u00a0\u00a0\u00a0<br>\u00a0                                                             JONKKUSVOIMA<br><br>J\u00e4rjestelm\u00e4 koostuu 33 kpl Panasonic 335w HIT paneeleista. Kokonaisteho 11055w. Panasonic paneeli kest\u00e4\u00e4 hyvin kuumuutta. Paneelissa on 96 yksit\u00e4ist\u00e4 kennoa, jotka ovat kytketty sarjaan. Paneelista l\u00e4htev\u00e4 j\u00e4nnite on 60 volttia. J\u00e4rjestelm\u00e4n invertteri on SMA 10kw. Invertteriss\u00e4 on 2 kanavaa toisessa 2 sis\u00e4\u00e4nmenoa ja toisessa 1 sis\u00e4\u00e4nmeno. Paneelit on kytketty 3 erilliseen sarjaan. Kussakin sarjassa 11 paneelia 3685w ja j\u00e4nnite on 660 volttia. Aurinko kun on noussut horisontin yl\u00e4puolelle, niin jokaisessa sarjassa j\u00e4nnite on yli 600v, vaikka paneelit eiv\u00e4t saa suoraa auringon valoa. P\u00e4\u00e4osa inverttereist\u00e4 her\u00e4\u00e4 vasta, kun paneeleilta tuleva j\u00e4nnite on yli 180v. J\u00e4rjestelm\u00e4\u00e4n on kytketty my\u00f6s Home Manager hoitamaan automaatiota, jota ohjataan Sunny Portalin kautta.<br><\/figcaption><\/figure>\n\n\n\n<p>T\u00e4m\u00e4n linkin kautta p\u00e4\u00e4set tutustumaan j\u00e4rjestelm\u00e4\u00e4n.<\/p>\n\n\n\n<p><a href=\"https:\/\/www.sunnyportal.com\/Templates\/PublicPageOverview.aspx?plant=32a7a058-56a2-4409-aab1-6acf6ee09b5f&amp;splang=\">https:\/\/www.sunnyportal.com\/Templates\/PublicPageOverview.aspx?plant=32a7a058-56a2-4409-aab1-6acf6ee09b5f&amp;splang=<\/a><\/p>\n\n\n\n<p>Aurinkomaailma Sunworld Oy&nbsp;&nbsp;&nbsp;&nbsp;&nbsp;&nbsp;&nbsp;&nbsp;&nbsp;&nbsp;&nbsp;&nbsp;&nbsp;&nbsp;&nbsp;&nbsp; <a>0874243-9<\/a>&nbsp;&nbsp;&nbsp; rekister\u00f6ity 14.4.2025<\/p>\n\n\n\n<p>Yhti\u00f6n aiempi nimi oli<\/p>\n\n\n\n<p>Oy Aurinkomaailma Sunworld Ltd &nbsp;&nbsp;&nbsp;&nbsp;&nbsp;&nbsp;&nbsp; 0874243-9&nbsp;&nbsp;&nbsp; rekister\u00f6ity 22.1.1992<\/p>\n","protected":false},"excerpt":{"rendered":"<p>T\u00e4m\u00e4n linkin kautta p\u00e4\u00e4set tutustumaan j\u00e4rjestelm\u00e4\u00e4n. https:\/\/www.sunnyportal.com\/Templates\/PublicPageOverview.aspx?plant=32a7a058-56a2-4409-aab1-6acf6ee09b5f&amp;splang= Aurinkomaailma Sunworld Oy&nbsp;&nbsp;&nbsp;&nbsp;&nbsp;&nbsp;&nbsp;&nbsp;&nbsp;&nbsp;&nbsp;&nbsp;&nbsp;&nbsp;&nbsp;&nbsp; 0874243-9&nbsp;&nbsp;&nbsp; rekister\u00f6ity 14.4.2025 Yhti\u00f6n aiempi nimi oli Oy Aurinkomaailma Sunworld Ltd &nbsp;&nbsp;&nbsp;&nbsp;&nbsp;&nbsp;&nbsp; 0874243-9&nbsp;&nbsp;&nbsp; rekister\u00f6ity 22.1.1992<\/p>\n","protected":false},"author":1,"featured_media":21,"parent":0,"menu_order":0,"comment_status":"closed","ping_status":"closed","template":"","meta":{"footnotes":""},"class_list":["post-10","page","type-page","status-publish","has-post-thumbnail","hentry"],"_links":{"self":[{"href":"https:\/\/www.aurinkomaailmasunworld.fi\/index.php\/wp-json\/wp\/v2\/pages\/10","targetHints":{"allow":["GET"]}}],"collection":[{"href":"https:\/\/www.aurinkomaailmasunworld.fi\/index.php\/wp-json\/wp\/v2\/pages"}],"about":[{"href":"https:\/\/www.aurinkomaailmasunworld.fi\/index.php\/wp-json\/wp\/v2\/types\/page"}],"author":[{"embeddable":true,"href":"https:\/\/www.aurinkomaailmasunworld.fi\/index.php\/wp-json\/wp\/v2\/users\/1"}],"replies":[{"embeddable":true,"href":"https:\/\/www.aurinkomaailmasunworld.fi\/index.php\/wp-json\/wp\/v2\/comments?post=10"}],"version-history":[{"count":7,"href":"https:\/\/www.aurinkomaailmasunworld.fi\/index.php\/wp-json\/wp\/v2\/pages\/10\/revisions"}],"predecessor-version":[{"id":29,"href":"https:\/\/www.aurinkomaailmasunworld.fi\/index.php\/wp-json\/wp\/v2\/pages\/10\/revisions\/29"}],"wp:featuredmedia":[{"embeddable":true,"href":"https:\/\/www.aurinkomaailmasunworld.fi\/index.php\/wp-json\/wp\/v2\/media\/21"}],"wp:attachment":[{"href":"https:\/\/www.aurinkomaailmasunworld.fi\/index.php\/wp-json\/wp\/v2\/media?parent=10"}],"curies":[{"name":"wp","href":"https:\/\/api.w.org\/{rel}","templated":true}]}}